{"id":498,"date":"2025-06-11T07:27:08","date_gmt":"2025-06-11T07:27:08","guid":{"rendered":"https:\/\/www.french-fashion.net\/beauty-max-v4\/"},"modified":"2026-02-25T12:34:07","modified_gmt":"2026-02-25T12:34:07","slug":"beauty-max-v4","status":"publish","type":"page","link":"https:\/\/www.french-fashion.net\/fr\/","title":{"rendered":"beauty-max-v4"},"content":{"rendered":"\n<div class=\"wp-block-cover is-light\" style=\"padding-top:0px;padding-right:0px;padding-bottom:0px;padding-left:0px;min-height:100%;aspect-ratio:unset;\"><span aria-hidden=\"true\" class=\"wp-block-cover__background has-background-dim-100 has-background-dim\" style=\"background-color:#fff5f5\"><\/span><div class=\"wp-block-cover__inner-container is-layout-flow wp-block-cover-is-layout-flow\">\n<div class=\"wp-block-columns are-vertically-aligned-center is-layout-flex wp-container-core-columns-is-layout-21549bac wp-block-columns-is-layout-flex\" style=\"padding-right:5%;padding-left:5%\">\n<div class=\"wp-block-column is-vertically-aligned-center z-3 animated fadeInLeft is-layout-flow wp-block-column-is-layout-flow\" style=\"padding-top:5%;padding-bottom:5%;flex-basis:50%\">\n<p class=\"has-text-color has-link-color wp-elements-a1744ba6114121da388e46ce4df133b2\" style=\"color:#211e1c;font-size:18px\">Chic sans effort<\/p>\n\n\n\n<h1 class=\"wp-block-heading\" style=\"font-size:70px\">Le style parisien d\u00e9finit l\u2019\u00e9l\u00e9gance mondiale<\/h1>\n\n\n\n<p>L\u2019allure parisienne repose sur une \u00e9l\u00e9gance spontan\u00e9e, privil\u00e9giant la sobri\u00e9t\u00e9 \u00e0 l\u2019exc\u00e8s. L\u2019esth\u00e9tique se traduit par des coupes pr\u00e9cises, des tissus de qualit\u00e9 et des bijoux soigneusement choisis pour cr\u00e9er un \u00e9quilibre harmonieux.<\/p>\n<\/div>\n\n\n\n<div class=\"wp-block-column is-vertically-aligned-center is-layout-flow wp-block-column-is-layout-flow\" style=\"flex-basis:50%\">\n<div class=\"wp-block-group has-global-padding is-layout-constrained wp-container-core-group-is-layout-d22ff40a wp-block-group-is-layout-constrained\" style=\"min-height:100%;padding-top:0px;padding-right:0px;padding-bottom:0px;padding-left:0px\">\n<div class=\"wp-block-group slider-big-img is-content-justification-center is-nowrap is-layout-flex wp-container-core-group-is-layout-23441af8 wp-block-group-is-layout-flex\" style=\"min-height:100%\">\n<div class=\"wp-block-group z-2 has-base-2-background-color has-background is-vertical is-content-justification-center is-layout-flex wp-container-core-group-is-layout-b6c1f246 wp-block-group-is-layout-flex\" style=\"border-radius:100%;min-height:100%\">\n<figure class=\"wp-block-image size-full\"><img loading=\"lazy\" decoding=\"async\" width=\"950\" height=\"980\" src=\"https:\/\/www.french-fashion.net\/wp-content\/uploads\/2026\/02\/Effortless-chic.webp\" alt=\"\" class=\"wp-image-386\" srcset=\"https:\/\/www.french-fashion.net\/wp-content\/uploads\/2026\/02\/Effortless-chic.webp 950w, https:\/\/www.french-fashion.net\/wp-content\/uploads\/2026\/02\/Effortless-chic-291x300.webp 291w, https:\/\/www.french-fashion.net\/wp-content\/uploads\/2026\/02\/Effortless-chic-768x792.webp 768w\" sizes=\"auto, (max-width: 950px) 100vw, 950px\"><\/figure>\n<\/div>\n<\/div>\n<\/div>\n<\/div>\n<\/div>\n<\/div><\/div>\n\n\n\n<div class=\"wp-block-group has-global-padding is-layout-constrained wp-block-group-is-layout-constrained\" style=\"margin-top:150px;margin-bottom:6%\">\n<div class=\"wp-block-columns are-vertically-aligned-center is-layout-flex wp-container-core-columns-is-layout-927ad929 wp-block-columns-is-layout-flex\">\n<div class=\"wp-block-column is-vertically-aligned-center is-layout-flow wp-block-column-is-layout-flow\">\n<div class=\"wp-block-group is-content-justification-center is-nowrap is-layout-flex wp-container-core-group-is-layout-b647f7f8 wp-block-group-is-layout-flex\">\n<figure class=\"wp-block-image size-full\"><img loading=\"lazy\" decoding=\"async\" width=\"470\" height=\"540\" src=\"https:\/\/www.french-fashion.net\/wp-content\/uploads\/2026\/02\/Paris-and-fashion.webp\" alt=\"\" class=\"wp-image-388\" srcset=\"https:\/\/www.french-fashion.net\/wp-content\/uploads\/2026\/02\/Paris-and-fashion.webp 470w, https:\/\/www.french-fashion.net\/wp-content\/uploads\/2026\/02\/Paris-and-fashion-261x300.webp 261w\" sizes=\"auto, (max-width: 470px) 100vw, 470px\"><\/figure>\n\n\n\n<figure class=\"wp-block-image size-full\" style=\"margin-top:-50px;margin-left:-20%\"><img loading=\"lazy\" decoding=\"async\" width=\"200\" height=\"200\" src=\"https:\/\/www.french-fashion.net\/wp-content\/uploads\/2026\/02\/Paris-and-fashion2-2.webp\" alt=\"\" class=\"wp-image-394\" srcset=\"https:\/\/www.french-fashion.net\/wp-content\/uploads\/2026\/02\/Paris-and-fashion2-2.webp 200w, https:\/\/www.french-fashion.net\/wp-content\/uploads\/2026\/02\/Paris-and-fashion2-2-150x150.webp 150w\" sizes=\"auto, (max-width: 200px) 100vw, 200px\"><\/figure>\n<\/div>\n<\/div>\n\n\n\n<div class=\"wp-block-column is-vertically-aligned-center is-layout-flow wp-block-column-is-layout-flow\">\n<p class=\"has-text-color has-link-color wp-elements-9ee63b32d924a957607aa682a0928d64\" style=\"color:#211e1c;font-size:18px\">Paris et mode<\/p>\n\n\n\n<h2 class=\"wp-block-heading\" style=\"font-size:45px\">Le guide ultime du shopping de luxe \u00e0 Paris<\/h2>\n\n\n\n<p class=\"font-like-title\" style=\"font-size:20px\">Le commerce de luxe commence par la d\u00e9couverte des quartiers embl\u00e9matiques qui fa\u00e7onnent la ville. Des concept stores du Marais aux maisons de haute couture de l\u2019avenue Montaigne ou du Faubourg-Saint-Honor\u00e9, chaque zone d\u00e9voile des collections exclusives de cr\u00e9ateurs.<\/p>\n\n\n\n<p>Visitez les grands magasins Haussmann ou les boutiques de Saint-Germain pour un m\u00e9lange de cr\u00e9ateurs \u00e9mergents et de sacs de luxe vintage. Cet itin\u00e9raire permet de saisir l\u2019esth\u00e9tique parisienne \u00e0 travers un parcours shopping inspirant.<\/p>\n<\/div>\n<\/div>\n<\/div>\n\n\n\n<div class=\"wp-block-group has-background has-global-padding is-layout-constrained wp-block-group-is-layout-constrained\" style=\"background-color:#fff9f9;padding-top:4%;padding-bottom:6%\">\n<div class=\"wp-block-group is-vertical is-content-justification-center is-layout-flex wp-container-core-group-is-layout-ce155fab wp-block-group-is-layout-flex\">\n<figure class=\"wp-block-image size-full bg-icon\" style=\"margin-bottom:-100px\"><img decoding=\"async\" src=\"https:\/\/www.french-fashion.net\/wp-content\/uploads\/2026\/02\/icone.svg\" alt=\"\" class=\"wp-image-417\"><\/figure>\n\n\n\n<h2 class=\"wp-block-heading has-text-align-center z-1\" style=\"font-size:45px\">L\u2019univers authentique de la beaut\u00e9 holistique \u00e0 la fran\u00e7aise<\/h2>\n\n\n\n<p class=\"has-text-align-center z-1\" style=\"padding-right:10%;padding-left:10%\">La beaut\u00e9 fran\u00e7aise allie h\u00e9ritage et innovation. Au-del\u00e0 des routines quotidiennes, la m\u00e9thode adopte une approche holistique : vie saine, nutrition et rituels de bien-\u00eatre viennent compl\u00e9ter des soins de la peau avanc\u00e9s.<\/p>\n<\/div>\n\n\n\n<div class=\"wp-block-columns has-background is-layout-flex wp-container-core-columns-is-layout-6a8a4af0 wp-block-columns-is-layout-flex\" style=\"background-color:#f1f1f1;margin-top:4%;padding-top:5%;padding-right:5%;padding-bottom:5%;padding-left:5%\">\n<div class=\"wp-block-column is-layout-flow wp-block-column-is-layout-flow\">\n<figure class=\"wp-block-image aligncenter size-full\"><img decoding=\"async\" src=\"https:\/\/www.french-fashion.net\/wp-content\/uploads\/2026\/02\/cosmetics-collection-1.svg\" alt=\"\" class=\"wp-image-427\"><\/figure>\n\n\n\n<div class=\"wp-block-group is-content-justification-center is-nowrap is-layout-flex wp-container-core-group-is-layout-23441af8 wp-block-group-is-layout-flex\">\n<div class=\"wp-block-group has-background wp-container-content-c0740251 is-vertical is-content-justification-center is-layout-flex wp-container-core-group-is-layout-ce155fab wp-block-group-is-layout-flex\" style=\"border-radius:10px;background-color:#bc58e5;min-height:4px\"><\/div>\n<\/div>\n\n\n\n<h3 class=\"wp-block-heading has-text-align-center z-1\" style=\"font-size:20px\">Les essentiels de la collection cosm\u00e9tique de pharmacie<\/h3>\n\n\n\n<p class=\"has-text-align-center\">Des eaux thermales aux nettoyants micellaires, les laboratoires locaux cr\u00e9ent des r\u00e9f\u00e9rences beaut\u00e9 reconnues dans le monde entier.<\/p>\n<\/div>\n\n\n\n<div class=\"wp-block-column is-layout-flow wp-block-column-is-layout-flow\" style=\"padding-top:2%;padding-bottom:2%\">\n<figure class=\"wp-block-image aligncenter size-full\"><img decoding=\"async\" src=\"https:\/\/www.french-fashion.net\/wp-content\/uploads\/2026\/02\/French-skincare.svg\" alt=\"\" class=\"wp-image-430\"><\/figure>\n\n\n\n<div class=\"wp-block-group is-content-justification-center is-nowrap is-layout-flex wp-container-core-group-is-layout-23441af8 wp-block-group-is-layout-flex\">\n<div class=\"wp-block-group has-background wp-container-content-c0740251 is-vertical is-content-justification-center is-layout-flex wp-container-core-group-is-layout-ce155fab wp-block-group-is-layout-flex\" style=\"border-radius:10px;background-color:#bc58e5;min-height:4px\"><\/div>\n<\/div>\n\n\n\n<h3 class=\"wp-block-heading has-text-align-center z-1\" style=\"font-size:20px\">Soins dermatologiques, un mod\u00e8le d\u2019efficacit\u00e9<\/h3>\n\n\n\n<p class=\"has-text-align-center\">Les routines quotidiennes se distinguent \u00e0 l\u2019international gr\u00e2ce \u00e0 des formules \u00e9quilibr\u00e9es et hypoallerg\u00e9niques, dont l\u2019efficacit\u00e9 est prouv\u00e9e et fiable.<\/p>\n<\/div>\n\n\n\n<div class=\"wp-block-column is-layout-flow wp-block-column-is-layout-flow\">\n<figure class=\"wp-block-image aligncenter size-full\"><img decoding=\"async\" src=\"https:\/\/www.french-fashion.net\/wp-content\/uploads\/2026\/02\/Perfume.svg\" alt=\"\" class=\"wp-image-432\"><\/figure>\n\n\n\n<div class=\"wp-block-group is-content-justification-center is-nowrap is-layout-flex wp-container-core-group-is-layout-23441af8 wp-block-group-is-layout-flex\">\n<div class=\"wp-block-group has-background wp-container-content-c0740251 is-vertical is-content-justification-center is-layout-flex wp-container-core-group-is-layout-ce155fab wp-block-group-is-layout-flex\" style=\"border-radius:10px;background-color:#bc58e5;min-height:4px\"><\/div>\n<\/div>\n\n\n\n<h3 class=\"wp-block-heading has-text-align-center z-1\" style=\"font-size:20px\">Parfumerie fine, un art de vivre \u00e0 la fran\u00e7aise<\/h3>\n\n\n\n<p class=\"has-text-align-center\">Le savoir-faire de Grasse en parfumerie cultive une tradition m\u00ealant \u00e9l\u00e9gance, cr\u00e9ativit\u00e9 olfactive et \u00e9motion.<\/p>\n<\/div>\n<\/div>\n<\/div>\n\n\n\n<div class=\"wp-block-group has-global-padding is-layout-constrained wp-block-group-is-layout-constrained\" style=\"padding-top:100px;padding-bottom:100px\">\n<div class=\"wp-block-columns are-vertically-aligned-center is-layout-flex wp-container-core-columns-is-layout-927ad929 wp-block-columns-is-layout-flex\">\n<div class=\"wp-block-column is-vertically-aligned-center is-layout-flow wp-block-column-is-layout-flow\">\n<p class=\"has-text-color has-link-color wp-elements-bf2cd212b79aaf2a412bcb5596a1a3f8\" style=\"color:#211e1c;font-size:18px\">Mode et patrimoine<\/p>\n\n\n\n<h2 class=\"wp-block-heading\" style=\"font-size:45px\">Comment la culture mondiale influence le style contemporain ?<\/h2>\n\n\n\n<p class=\"font-like-title\" style=\"font-size:20px\">La mode moderne transcende les fronti\u00e8res en s\u2019inspirant de la diversit\u00e9 culturelle mondiale.<\/p>\n\n\n\n<p>Les directeurs artistiques int\u00e8grent des textiles artisanaux d\u2019Asie ou d\u2019Afrique dans des collections avant-gardistes. Le patrimoine culturel influence les codes vestimentaires \u00e0 travers des collaborations artistiques et musicales.<\/p>\n\n\n\n<p>Cette fusion maintient les tendances de la mode dynamiques. Le r\u00e9cit sartorial relie les individus, c\u00e9l\u00e8bre la diversit\u00e9 et d\u00e9finit de nouveaux codes esth\u00e9tiques.<\/p>\n<\/div>\n\n\n\n<div class=\"wp-block-column is-vertically-aligned-center is-layout-flow wp-block-column-is-layout-flow\">\n<div class=\"wp-block-group is-content-justification-center is-nowrap is-layout-flex wp-container-core-group-is-layout-ecdf7537 wp-block-group-is-layout-flex\">\n<figure class=\"wp-block-image size-full\"><img loading=\"lazy\" decoding=\"async\" width=\"570\" height=\"760\" src=\"https:\/\/www.french-fashion.net\/wp-content\/uploads\/2026\/02\/Fashion-and-heritage.webp\" alt=\"\" class=\"wp-image-396\" style=\"object-fit:cover\" srcset=\"https:\/\/www.french-fashion.net\/wp-content\/uploads\/2026\/02\/Fashion-and-heritage.webp 570w, https:\/\/www.french-fashion.net\/wp-content\/uploads\/2026\/02\/Fashion-and-heritage-225x300.webp 225w\" sizes=\"auto, (max-width: 570px) 100vw, 570px\"><\/figure>\n\n\n\n<figure class=\"wp-block-image size-full\" style=\"margin-top:0px;margin-bottom:-50px;margin-left:-20%\"><img loading=\"lazy\" decoding=\"async\" width=\"350\" height=\"252\" src=\"https:\/\/www.french-fashion.net\/wp-content\/uploads\/2026\/02\/heritage.webp\" alt=\"\" class=\"wp-image-422\" srcset=\"https:\/\/www.french-fashion.net\/wp-content\/uploads\/2026\/02\/heritage.webp 350w, https:\/\/www.french-fashion.net\/wp-content\/uploads\/2026\/02\/heritage-300x216.webp 300w\" sizes=\"auto, (max-width: 350px) 100vw, 350px\"><\/figure>\n<\/div>\n<\/div>\n<\/div>\n<\/div>\n\n\n\n<div class=\"wp-block-group has-global-padding is-layout-constrained wp-block-group-is-layout-constrained has-background\" style=\"padding-top:6%;padding-bottom:6%;background-image:url('https:\/\/www.french-fashion.net\/wp-content\/uploads\/2026\/02\/Inspirations-and-trends-2.webp');background-position:50% 100%;background-size:cover;\">\n<div class=\"wp-block-columns are-vertically-aligned-center is-layout-flex wp-container-core-columns-is-layout-927ad929 wp-block-columns-is-layout-flex\">\n<div class=\"wp-block-column is-vertically-aligned-center is-layout-flow wp-block-column-is-layout-flow\" style=\"flex-basis:55%\"><\/div>\n\n\n\n<div class=\"wp-block-column is-vertically-aligned-center is-layout-flow wp-block-column-is-layout-flow\" style=\"flex-basis:45%\">\n<p class=\"has-text-color has-link-color wp-elements-127437f7585b4fe7947dba1e3bc779d5\" style=\"color:#211e1c;font-size:18px\">Inspirations et tendances<\/p>\n\n\n\n<h2 class=\"wp-block-heading\" style=\"font-size:45px\">Affiner son style personnel gr\u00e2ce aux ic\u00f4nes de mode et aux tendances saisonni\u00e8res<\/h2>\n\n\n\n<div class=\"wp-block-group has-base-2-background-color has-background has-global-padding is-layout-constrained wp-container-core-group-is-layout-cc7b65c6 wp-block-group-is-layout-constrained\" style=\"padding-top:50px;padding-right:40px;padding-bottom:50px;padding-left:40px\">\n<p>Les looks de tapis rouge et les silhouettes des d\u00e9fil\u00e9s inspirent l\u2019esth\u00e9tique. L\u2019adoption d\u2019\u00e9l\u00e9ments cl\u00e9s \u2014 un blazer structur\u00e9, des imprim\u00e9s audacieux ou des chaussures remarquables \u2014 permet de renouveler sa garde-robe. Les pr\u00e9visions saisonni\u00e8res orientent l\u2019\u00e9volution du style tout en pr\u00e9servant la personnalit\u00e9.<\/p>\n\n\n\n<p>Observer les stars du street style adapter des pi\u00e8ces audacieuses stimule la cr\u00e9ativit\u00e9. La mode urbaine devient une plateforme d\u2019expression de soi, m\u00ealant influence des c\u00e9l\u00e9brit\u00e9s et tenues quotidiennes portables.<\/p>\n<\/div>\n<\/div>\n<\/div>\n<\/div>\n\n\n\n<div class=\"wp-block-group has-global-padding is-layout-constrained wp-block-group-is-layout-constrained\" style=\"margin-top:0px;margin-bottom:0px;padding-top:6%;padding-bottom:6%\">\n<h2 class=\"wp-block-heading has-text-align-center z-1\" style=\"font-size:45px\">\u00c9lever les silhouettes avec les accessoires essentiels<\/h2>\n\n\n\n<figure class=\"wp-block-image aligncenter size-full\"><img loading=\"lazy\" decoding=\"async\" width=\"110\" height=\"15\" src=\"https:\/\/www.french-fashion.net\/wp-content\/uploads\/2021\/06\/sous-titre.jpg\" alt=\"\" class=\"wp-image-264\"><\/figure>\n\n\n\n<p class=\"has-text-align-center\" style=\"padding-right:10%;padding-left:10%\">Les accessoires remarquables transforment instantan\u00e9ment une tenue en lui apportant structure et style. Un bracelet manchette dor\u00e9, une ceinture de cr\u00e9ateur ou un sac iconique met en valeur la silhouette et souligne les d\u00e9tails. Le secret r\u00e9side dans l\u2019\u00e9quilibre : choisir des pi\u00e8ces comme des foulards en soie qui compl\u00e8tent un look monochrome sans le surcharger. Jouer avec les textures du cuir ajoute de la profondeur, tandis que superposer les bijoux permet \u00e0 une tenue minimaliste de devenir sophistiqu\u00e9e et r\u00e9solument mode.<\/p>\n<\/div>\n\n\n\n<div class=\"wp-block-group has-background has-global-padding is-layout-constrained wp-block-group-is-layout-constrained\" style=\"background-color:#fff9f9;padding-top:4%;padding-bottom:6%\">\n<div class=\"wp-block-group is-vertical is-content-justification-center is-layout-flex wp-container-core-group-is-layout-ce155fab wp-block-group-is-layout-flex\">\n<figure class=\"wp-block-image size-full bg-icon\" style=\"margin-bottom:-100px\"><img decoding=\"async\" src=\"https:\/\/www.french-fashion.net\/wp-content\/uploads\/2026\/02\/icone.svg\" alt=\"\" class=\"wp-image-417\"><\/figure>\n\n\n\n<h2 class=\"wp-block-heading has-text-align-center z-1\" style=\"font-size:45px\">Adopter les tendances actuelles pour une esth\u00e9tique moderne<\/h2>\n\n\n\n<p class=\"has-text-align-center z-1\" style=\"padding-right:10%;padding-left:10%\">Un look styl\u00e9 \u00e9quilibre nouveaut\u00e9s et basiques intemporels. L\u2019int\u00e9gration d\u2019\u00e9l\u00e9ments actuels \u2014 imprim\u00e9s graphiques, coupes asym\u00e9triques ou bijoux imposants \u2014 dynamise la tenue. S\u00e9lectionnez des pi\u00e8ces compatibles avec votre garde-robe capsule.<\/p>\n<\/div>\n\n\n\n<div class=\"wp-block-columns animated fadeInUp has-background is-layout-flex wp-container-core-columns-is-layout-b8b112c6 wp-block-columns-is-layout-flex\" style=\"background-color:#f1f1f1;margin-top:4%;padding-top:0px;padding-right:0px;padding-bottom:200px;padding-left:0px\">\n<div class=\"wp-block-column is-vertically-aligned-stretch b7-col is-layout-flow wp-block-column-is-layout-flow\">\n<div class=\"wp-block-group b7-col-grp is-vertical is-content-justification-stretch is-layout-flex wp-container-core-group-is-layout-d482e6ed wp-block-group-is-layout-flex has-background\" style=\"min-height:100%;padding-top:100px;padding-right:40px;padding-bottom:0px;padding-left:40px;background-image:url('https:\/\/www.french-fashion.net\/wp-content\/uploads\/2026\/02\/The-return-of-oversized-tailoring.webp');background-size:cover;\">\n<div class=\"wp-block-group b7-col-grp-emp add-shadow has-base-2-background-color has-background wp-container-content-9cfa9a5a is-vertical is-content-justification-stretch is-layout-flex wp-container-core-group-is-layout-827ae20d wp-block-group-is-layout-flex\" style=\"min-height:100%;margin-top:0%;padding-top:25px;padding-right:25px;padding-bottom:25px;padding-left:25px\">\n<h3 class=\"wp-block-heading has-text-align-center like-title z-1 has-text-color has-link-color wp-elements-4284f84f39f4a8fe633f8e8f3400e322\" style=\"color:#000000;font-size:20px;line-height:1.4\">Le retour du tailoring oversize<\/h3>\n\n\n\n<p class=\"has-text-align-center z-1 has-text-color has-link-color wp-elements-23913975bd5c086bf0917e8dce7961a9\" style=\"color:#666666\">Blazers oversize et pantalons larges dominent les garde-robes. Cette tendance androgyne r\u00e9invente le tailoring avec des silhouettes d\u00e9contract\u00e9es jouant sur les proportions.<\/p>\n\n\n\n<p class=\"has-text-align-right number-box has-text-color has-link-color wp-elements-48ec92e70a9ce5f598d86104d64895e6\" style=\"color:#f1f1f1;font-size:140px;font-style:normal;font-weight:700;line-height:1\">01<\/p>\n<\/div>\n<\/div>\n<\/div>\n\n\n\n<div class=\"wp-block-column is-vertically-aligned-stretch b7-col is-layout-flow wp-block-column-is-layout-flow\">\n<div class=\"wp-block-group b7-col-grp is-vertical is-content-justification-stretch is-layout-flex wp-container-core-group-is-layout-53e75dac wp-block-group-is-layout-flex has-background\" style=\"min-height:100%;padding-top:100px;padding-right:40px;padding-bottom:0px;padding-left:40px;background-image:url('https:\/\/www.french-fashion.net\/wp-content\/uploads\/2026\/02\/Bright-and-neon-vibrant-colors.webp');background-size:cover;\">\n<div class=\"wp-block-group b7-col-grp-emp add-shadow has-base-2-background-color has-background wp-container-content-9cfa9a5a is-vertical is-content-justification-stretch is-layout-flex wp-container-core-group-is-layout-827ae20d wp-block-group-is-layout-flex\" style=\"min-height:100%;margin-top:0%;padding-top:25px;padding-right:25px;padding-bottom:25px;padding-left:25px\">\n<h3 class=\"wp-block-heading has-text-align-center like-title z-1 has-text-color has-link-color wp-elements-28620d3d93bd71e667364a6fe63fd880\" style=\"color:#000000;font-size:20px;line-height:1.4\">Couleurs n\u00e9on et palettes vibrantes<\/h3>\n\n\n\n<p class=\"has-text-align-center z-1 has-text-color has-link-color wp-elements-dbb7cf84a98a18d88d15a3c0c0f3c6b8\" style=\"color:#666666\">Le bleu \u00e9lectrique ou le rose n\u00e9on dynamise la tenue. Un costume color\u00e9 ou une pochette \u00e9clatante exprime la personnalit\u00e9 tout en restant r\u00e9solument tendance.<\/p>\n\n\n\n<p class=\"has-text-align-right number-box has-text-color has-link-color wp-elements-d1e08022caf985ae4eb750e5813facda\" style=\"color:#f1f1f1;font-size:140px;font-style:normal;font-weight:700;line-height:1\">02<\/p>\n<\/div>\n<\/div>\n<\/div>\n\n\n\n<div class=\"wp-block-column is-vertically-aligned-stretch b7-col is-layout-flow wp-block-column-is-layout-flow\">\n<div class=\"wp-block-group b7-col-grp is-vertical is-content-justification-stretch is-layout-flex wp-container-core-group-is-layout-53e75dac wp-block-group-is-layout-flex has-background\" style=\"min-height:100%;padding-top:100px;padding-right:40px;padding-bottom:0px;padding-left:40px;background-image:url('https:\/\/www.french-fashion.net\/wp-content\/uploads\/2026\/02\/Mixing-materials-and-textures.webp');background-size:cover;\">\n<div class=\"wp-block-group b7-col-grp-emp add-shadow has-base-2-background-color has-background wp-container-content-9cfa9a5a is-vertical is-content-justification-center is-layout-flex wp-container-core-group-is-layout-2c8c809c wp-block-group-is-layout-flex\" style=\"min-height:100%;margin-top:0%;padding-top:25px;padding-right:25px;padding-bottom:25px;padding-left:25px\">\n<h3 class=\"wp-block-heading has-text-align-center like-title z-1 has-text-color has-link-color wp-elements-e10d813ed9ad3a7a078d7a926ba47ffe\" style=\"color:#000000;font-size:20px;line-height:1.4\">Mixer parfaitement mati\u00e8res et textures<\/h3>\n\n\n\n<p class=\"has-text-align-center z-1 has-text-color has-link-color wp-elements-1eb7bf5e2142847148669029934015cb\" style=\"color:#666666\">Superposer cuir vegan, soie satin\u00e9e et maille \u00e9paisse apporte de la profondeur. Cette technique cr\u00e9e un contraste visuel et offre un look superpos\u00e9 sophistiqu\u00e9.<\/p>\n\n\n\n<p class=\"has-text-align-right number-box has-text-color has-link-color wp-elements-6095525ccfe2e2819e243d7487c256f2\" style=\"color:#f1f1f1;font-size:140px;font-style:normal;font-weight:700;line-height:1\">03<\/p>\n<\/div>\n<\/div>\n<\/div>\n<\/div>\n<\/div>\n\n\n\n<div class=\"wp-block-cover\" style=\"margin-top:0px;margin-bottom:0px;padding-top:6%;padding-bottom:6%;min-height:100%;aspect-ratio:unset;\"><img loading=\"lazy\" decoding=\"async\" width=\"1024\" height=\"320\" class=\"wp-block-cover__image-background wp-image-410 size-large\" alt=\"\" src=\"https:\/\/www.french-fashion.net\/wp-content\/uploads\/2026\/02\/Conscious-Fashion-1024x320.webp\" data-object-fit=\"cover\" srcset=\"https:\/\/www.french-fashion.net\/wp-content\/uploads\/2026\/02\/Conscious-Fashion-1024x320.webp 1024w, https:\/\/www.french-fashion.net\/wp-content\/uploads\/2026\/02\/Conscious-Fashion-300x94.webp 300w, https:\/\/www.french-fashion.net\/wp-content\/uploads\/2026\/02\/Conscious-Fashion-768x240.webp 768w, https:\/\/www.french-fashion.net\/wp-content\/uploads\/2026\/02\/Conscious-Fashion-1536x480.webp 1536w, https:\/\/www.french-fashion.net\/wp-content\/uploads\/2026\/02\/Conscious-Fashion.webp 1920w\" sizes=\"auto, (max-width: 1024px) 100vw, 1024px\"><span aria-hidden=\"true\" class=\"wp-block-cover__background has-black-background-color has-background-dim\"><\/span><div class=\"wp-block-cover__inner-container has-global-padding is-layout-constrained wp-block-cover-is-layout-constrained\">\n<p class=\"has-text-align-center has-base-2-color has-text-color has-link-color wp-elements-6affc26965cc12b1bee6717440520332\" style=\"font-size:18px\">Mode consciente<\/p>\n\n\n\n<h2 class=\"wp-block-heading has-text-align-center\" style=\"font-size:45px\">Mode durable : allier style et responsabilit\u00e9<\/h2>\n\n\n\n<p class=\"has-text-align-center\" style=\"padding-right:10%;padding-left:10%\">Privil\u00e9gier des v\u00eatements \u00e9co-responsables respecte l\u2019\u00e9thique de production. L\u2019attention se porte sur l\u2019origine des mat\u00e9riaux, la transparence et la durabilit\u00e9. Opter pour des pi\u00e8ces recycl\u00e9es, du coton biologique ou des cr\u00e9ations locales favorise une consommation responsable. Cette approche permet d\u2019allier valeurs et style \u00e9l\u00e9gant.<\/p>\n<\/div><\/div>\n","protected":false},"excerpt":{"rendered":"<p>Paris et mode Le guide ultime du shopping de luxe \u00e0 Paris Le commerce de luxe commence par la d\u00e9couverte des quartiers embl\u00e9matiques qui fa\u00e7onnent la ville. Des concept stores du Marais aux maisons de haute couture de l\u2019avenue Montaigne&#8230;<\/p>\n","protected":false},"author":2,"featured_media":0,"parent":0,"menu_order":0,"comment_status":"closed","ping_status":"closed","template":"","meta":{"footnotes":""},"class_list":["post-498","page","type-page","status-publish","hentry"],"_links":{"self":[{"href":"https:\/\/www.french-fashion.net\/fr\/wp-json\/wp\/v2\/pages\/498","targetHints":{"allow":["GET"]}}],"collection":[{"href":"https:\/\/www.french-fashion.net\/fr\/wp-json\/wp\/v2\/pages"}],"about":[{"href":"https:\/\/www.french-fashion.net\/fr\/wp-json\/wp\/v2\/types\/page"}],"author":[{"embeddable":true,"href":"https:\/\/www.french-fashion.net\/fr\/wp-json\/wp\/v2\/users\/2"}],"replies":[{"embeddable":true,"href":"https:\/\/www.french-fashion.net\/fr\/wp-json\/wp\/v2\/comments?post=498"}],"version-history":[{"count":8,"href":"https:\/\/www.french-fashion.net\/fr\/wp-json\/wp\/v2\/pages\/498\/revisions"}],"predecessor-version":[{"id":517,"href":"https:\/\/www.french-fashion.net\/fr\/wp-json\/wp\/v2\/pages\/498\/revisions\/517"}],"wp:attachment":[{"href":"https:\/\/www.french-fashion.net\/fr\/wp-json\/wp\/v2\/media?parent=498"}],"curies":[{"name":"wp","href":"https:\/\/api.w.org\/{rel}","templated":true}]}}